{"id":388,"date":"2021-10-26T20:12:18","date_gmt":"2021-10-26T20:12:18","guid":{"rendered":"https:\/\/gkassistans.se\/?page_id=388"},"modified":"2025-12-03T18:59:55","modified_gmt":"2025-12-03T18:59:55","slug":"bli-kund","status":"publish","type":"page","link":"https:\/\/gkassistans.se\/en\/bli-kund\/","title":{"rendered":"Become a customer"},"content":{"rendered":"\t\t<div data-elementor-type=\"wp-page\" data-elementor-id=\"388\" class=\"elementor elementor-388\" data-elementor-post-type=\"page\">\n\t\t\t\t\t\t<section class=\"elementor-section elementor-top-section elementor-element elementor-element-1d8d550 elementor-section-height-min-height elementor-section-boxed elementor-section-height-default elementor-section-items-middle\" data-id=\"1d8d550\" data-element_type=\"section\" data-e-type=\"section\" data-settings=\"{&quot;background_background&quot;:&quot;classic&quot;}\">\n\t\t\t\t\t\t\t<div class=\"elementor-background-overlay\"><\/div>\n\t\t\t\t\t\t\t<div class=\"elementor-container elementor-column-gap-default\">\n\t\t\t\t\t<div class=\"elementor-column elementor-col-100 elementor-top-column elementor-element elementor-element-8b8f0a6\" data-id=\"8b8f0a6\" data-element_type=\"column\" data-e-type=\"column\">\n\t\t\t<div class=\"elementor-widget-wrap elementor-element-populated\">\n\t\t\t\t\t\t<div class=\"elementor-element elementor-element-69f46df elementor-widget elementor-widget-text-editor\" data-id=\"69f46df\" data-element_type=\"widget\" data-e-type=\"widget\" data-widget_type=\"text-editor.default\">\n\t\t\t\t<div class=\"elementor-widget-container\">\n\t\t\t\t\t\t\t\t\t<p><a href=\"https:\/\/gkassistans.se\/\">GKassistans<\/a> \/ Personlig assistans \/ <span style=\"color: #faa09b;\">Bli kund<\/span><\/p>\t\t\t\t\t\t\t\t<\/div>\n\t\t\t\t<\/div>\n\t\t\t\t<div class=\"elementor-element elementor-element-5a133b7 elementor-widget elementor-widget-heading\" data-id=\"5a133b7\" data-element_type=\"widget\" data-e-type=\"widget\" data-widget_type=\"heading.default\">\n\t\t\t\t<div class=\"elementor-widget-container\">\n\t\t\t\t\t<h1 class=\"elementor-heading-title elementor-size-default\">Bli kund<\/h1>\t\t\t\t<\/div>\n\t\t\t\t<\/div>\n\t\t\t\t<div class=\"elementor-element elementor-element-4f0a66f elementor-widget elementor-widget-text-editor\" data-id=\"4f0a66f\" data-element_type=\"widget\" data-e-type=\"widget\" data-widget_type=\"text-editor.default\">\n\t\t\t\t<div class=\"elementor-widget-container\">\n\t\t\t\t\t\t\t\t\t<p>N\u00e4r vi f\u00e5r f\u00f6rtroendet att ta emot ett nytt uppdrag, utformar vi v\u00e5r assistans utifr\u00e5n varje kunds unika behov. Vi l\u00e4gger tid, engagemang och resurser d\u00e4r de g\u00f6r mest nytta \u2013 f\u00f6r dig som kund och f\u00f6r hela din assistansgrupp.<\/p>\t\t\t\t\t\t\t\t<\/div>\n\t\t\t\t<\/div>\n\t\t\t\t\t<\/div>\n\t\t<\/div>\n\t\t\t\t\t<\/div>\n\t\t<\/section>\n\t\t\t\t<section class=\"elementor-section elementor-top-section elementor-element elementor-element-6ae680a elementor-section-height-min-height elementor-section-items-stretch elementor-section-boxed elementor-section-height-default\" data-id=\"6ae680a\" data-element_type=\"section\" data-e-type=\"section\" data-settings=\"{&quot;background_background&quot;:&quot;classic&quot;,&quot;shape_divider_bottom&quot;:&quot;curve&quot;,&quot;shape_divider_bottom_negative&quot;:&quot;yes&quot;}\">\n\t\t\t\t\t<div class=\"elementor-shape elementor-shape-bottom\" aria-hidden=\"true\" data-negative=\"true\">\n\t\t\t<svg xmlns=\"http:\/\/www.w3.org\/2000\/svg\" viewBox=\"0 0 1000 100\" preserveAspectRatio=\"none\">\n\t<path class=\"elementor-shape-fill\" d=\"M500,97C126.7,96.3,0.8,19.8,0,0v100l1000,0V1C1000,19.4,873.3,97.8,500,97z\"\/>\n<\/svg>\t\t<\/div>\n\t\t\t\t\t<div class=\"elementor-container elementor-column-gap-default\">\n\t\t\t\t\t<div class=\"elementor-column elementor-col-50 elementor-top-column elementor-element elementor-element-9da07ac\" data-id=\"9da07ac\" data-element_type=\"column\" data-e-type=\"column\">\n\t\t\t<div class=\"elementor-widget-wrap elementor-element-populated\">\n\t\t\t\t\t\t<div class=\"elementor-element elementor-element-1a0badd elementor-widget elementor-widget-heading\" data-id=\"1a0badd\" data-element_type=\"widget\" data-e-type=\"widget\" data-widget_type=\"heading.default\">\n\t\t\t\t<div class=\"elementor-widget-container\">\n\t\t\t\t\t<h2 class=\"elementor-heading-title elementor-size-default\">Vi engagerar oss med v\u00e5ra kunder<\/h2>\t\t\t\t<\/div>\n\t\t\t\t<\/div>\n\t\t\t\t<div class=\"elementor-element elementor-element-216e9b4 elementor-widget elementor-widget-text-editor\" data-id=\"216e9b4\" data-element_type=\"widget\" data-e-type=\"widget\" data-widget_type=\"text-editor.default\">\n\t\t\t\t<div class=\"elementor-widget-container\">\n\t\t\t\t\t\t\t\t\t<p>N\u00e4r vi f\u00e5r f\u00f6rtroendet att ta emot ett nytt uppdrag, utformar vi v\u00e5r assistans utifr\u00e5n varje kunds unika behov. Vi l\u00e4gger tid, engagemang och resurser d\u00e4r de g\u00f6r mest nytta \u2013 f\u00f6r dig som kund och f\u00f6r hela din assistansgrupp.<\/p><p>Samtidigt tar vi ett helhetsansvar f\u00f6r alla delar av uppdraget, alltid med full respekt f\u00f6r g\u00e4llande lagar och riktlinjer.<br \/>Du kan k\u00e4nna dig trygg i att allt fr\u00e5n arbetsgivaransvar till det juridiska st\u00f6det hanteras av kunniga personer med l\u00e5ng erfarenhet. Vi erbjuder en stabil och ansvarsfull arbetsgivarroll, tillg\u00e5ng till juridisk expertis och en s\u00e4ker l\u00f6neadministration.<\/p><p>Vi ser \u00e4ven handledning och kompetensutveckling som en sj\u00e4lvklar del av uppdraget \u2013 och v\u00e5ra utbildningar anpassas alltid efter just dina f\u00f6ruts\u00e4ttningar och gruppens behov.<\/p><p>F\u00f6r oss \u00e4r det viktigaste att vara n\u00e4rvarande medm\u00e4nniskor. V\u00e5ra medarbetare, oavsett roll, delar en stark vilja att g\u00f6ra skillnad. Hos oss f\u00e5r du en assistans som fungerar i vardagen \u2013 i stort som sm\u00e5tt \u2013 och vi n\u00f6jer oss inte f\u00f6rr\u00e4n den fungerar fullt ut.<\/p>\t\t\t\t\t\t\t\t<\/div>\n\t\t\t\t<\/div>\n\t\t\t\t\t<\/div>\n\t\t<\/div>\n\t\t\t\t<div class=\"elementor-column elementor-col-50 elementor-top-column elementor-element elementor-element-7903508\" data-id=\"7903508\" data-element_type=\"column\" data-e-type=\"column\">\n\t\t\t<div class=\"elementor-widget-wrap elementor-element-populated\">\n\t\t\t\t\t\t<div class=\"elementor-element elementor-element-f317337 elementor-widget elementor-widget-image\" data-id=\"f317337\" data-element_type=\"widget\" data-e-type=\"widget\" data-widget_type=\"image.default\">\n\t\t\t\t<div class=\"elementor-widget-container\">\n\t\t\t\t\t\t\t\t\t\t\t\t\t\t\t<img decoding=\"async\" src=\"https:\/\/gkassistans.se\/wp-content\/plugins\/elementor\/assets\/images\/placeholder.png\" title=\"\" alt=\"\" loading=\"lazy\" \/>\t\t\t\t\t\t\t\t\t\t\t\t\t\t\t<\/div>\n\t\t\t\t<\/div>\n\t\t\t\t\t<\/div>\n\t\t<\/div>\n\t\t\t\t\t<\/div>\n\t\t<\/section>\n\t\t\t\t<section class=\"elementor-section elementor-top-section elementor-element elementor-element-714c9a1 elementor-section-height-min-height elementor-section-items-stretch elementor-reverse-tablet elementor-reverse-mobile elementor-section-boxed elementor-section-height-default\" data-id=\"714c9a1\" data-element_type=\"section\" data-e-type=\"section\" data-settings=\"{&quot;background_background&quot;:&quot;classic&quot;,&quot;shape_divider_bottom&quot;:&quot;curve&quot;,&quot;shape_divider_bottom_negative&quot;:&quot;yes&quot;}\">\n\t\t\t\t\t<div class=\"elementor-shape elementor-shape-bottom\" aria-hidden=\"true\" data-negative=\"true\">\n\t\t\t<svg xmlns=\"http:\/\/www.w3.org\/2000\/svg\" viewBox=\"0 0 1000 100\" preserveAspectRatio=\"none\">\n\t<path class=\"elementor-shape-fill\" d=\"M500,97C126.7,96.3,0.8,19.8,0,0v100l1000,0V1C1000,19.4,873.3,97.8,500,97z\"\/>\n<\/svg>\t\t<\/div>\n\t\t\t\t\t<div class=\"elementor-container elementor-column-gap-default\">\n\t\t\t\t\t<div class=\"elementor-column elementor-col-50 elementor-top-column elementor-element elementor-element-3a111d7\" data-id=\"3a111d7\" data-element_type=\"column\" data-e-type=\"column\">\n\t\t\t<div class=\"elementor-widget-wrap elementor-element-populated\">\n\t\t\t\t\t\t<div class=\"elementor-element elementor-element-07e41ee elementor-widget elementor-widget-image\" data-id=\"07e41ee\" data-element_type=\"widget\" data-e-type=\"widget\" data-widget_type=\"image.default\">\n\t\t\t\t<div class=\"elementor-widget-container\">\n\t\t\t\t\t\t\t\t\t\t\t\t\t\t\t<img decoding=\"async\" src=\"https:\/\/gkassistans.se\/wp-content\/plugins\/elementor\/assets\/images\/placeholder.png\" title=\"\" alt=\"\" loading=\"lazy\" \/>\t\t\t\t\t\t\t\t\t\t\t\t\t\t\t<\/div>\n\t\t\t\t<\/div>\n\t\t\t\t\t<\/div>\n\t\t<\/div>\n\t\t\t\t<div class=\"elementor-column elementor-col-50 elementor-top-column elementor-element elementor-element-8a3e49a\" data-id=\"8a3e49a\" data-element_type=\"column\" data-e-type=\"column\">\n\t\t\t<div class=\"elementor-widget-wrap elementor-element-populated\">\n\t\t\t\t\t\t<div class=\"elementor-element elementor-element-3d14a76 elementor-widget elementor-widget-heading\" data-id=\"3d14a76\" data-element_type=\"widget\" data-e-type=\"widget\" data-widget_type=\"heading.default\">\n\t\t\t\t<div class=\"elementor-widget-container\">\n\t\t\t\t\t<h3 class=\"elementor-heading-title elementor-size-default\">\u00d6verv\u00e4ger du att byta assistansanordnare?\n<\/h3>\t\t\t\t<\/div>\n\t\t\t\t<\/div>\n\t\t\t\t<div class=\"elementor-element elementor-element-539a6bc elementor-widget elementor-widget-text-editor\" data-id=\"539a6bc\" data-element_type=\"widget\" data-e-type=\"widget\" data-widget_type=\"text-editor.default\">\n\t\t\t\t<div class=\"elementor-widget-container\">\n\t\t\t\t\t\t\t\t\t<p>Att byta assistansanordnare \u00e4r ett stort steg \u2013 men det beh\u00f6ver inte vara sv\u00e5rt. P\u00e5 GK assistans g\u00f6r vi \u00f6verg\u00e5ngen enkel, trygg och tydlig. Vi tar ett helhetsgrepp fr\u00e5n start och anpassar insatsen efter dina behov och m\u00e5l. V\u00e5r roll \u00e4r att underl\u00e4tta din vardag, inte komplicera den.<\/p><p>Om du redan har personliga assistenter du trivs med kan de enkelt f\u00f6lja med till oss. Vi sk\u00f6ter allt det praktiska \u2013 s\u00e5 att du kan fokusera p\u00e5 det som \u00e4r viktigast f\u00f6r dig. N\u00e4r du k\u00e4nner dig redo tar vi fram ett tydligt och genomarbetat avtal tillsammans.<\/p><p>Vi finns med hela v\u00e4gen<br \/>Hos oss f\u00e5r du ett personligt bem\u00f6tande, ett lyh\u00f6rt team och st\u00f6d i varje steg. Vi samordnar kontakten med myndigheter, ser till att r\u00e4tt dokumentation finns p\u00e5 plats och planerar hela bytet i n\u00e4ra dialog med dig. Du ska k\u00e4nna dig sedd, trygg och delaktig.<\/p><p>Vi vet att ett fungerande samspel mellan kund och assistent \u00e4r grunden till bra assistans. D\u00e4rf\u00f6r v\u00e4rnar vi om b\u00e5da parter \u2013 det \u00e4r s\u00e5 vi skapar h\u00e5llbara samarbeten d\u00e4r alla trivs.<\/p><p>Ett steg mot en b\u00e4ttre assistans<br \/>V\u00e5r assistans bygger p\u00e5 kvalitet, tydlighet och respekt. Vi \u00e4r transparenta i v\u00e5rt arbete och jobbar f\u00f6r l\u00e5ngsiktiga l\u00f6sningar \u2013 inte tillf\u00e4lliga \u00e5tg\u00e4rder. N\u00e4r du byter till oss, byter du till ett engagemang som h\u00e5ller \u00f6ver tid.<\/p>\t\t\t\t\t\t\t\t<\/div>\n\t\t\t\t<\/div>\n\t\t\t\t\t<\/div>\n\t\t<\/div>\n\t\t\t\t\t<\/div>\n\t\t<\/section>\n\t\t\t\t<section class=\"elementor-section elementor-top-section elementor-element elementor-element-e20c3ab elementor-section-height-min-height elementor-section-items-stretch elementor-section-boxed elementor-section-height-default\" data-id=\"e20c3ab\" data-element_type=\"section\" data-e-type=\"section\" data-settings=\"{&quot;background_background&quot;:&quot;classic&quot;,&quot;shape_divider_bottom&quot;:&quot;curve&quot;,&quot;shape_divider_bottom_negative&quot;:&quot;yes&quot;}\">\n\t\t\t\t\t<div class=\"elementor-shape elementor-shape-bottom\" aria-hidden=\"true\" data-negative=\"true\">\n\t\t\t<svg xmlns=\"http:\/\/www.w3.org\/2000\/svg\" viewBox=\"0 0 1000 100\" preserveAspectRatio=\"none\">\n\t<path class=\"elementor-shape-fill\" d=\"M500,97C126.7,96.3,0.8,19.8,0,0v100l1000,0V1C1000,19.4,873.3,97.8,500,97z\"\/>\n<\/svg>\t\t<\/div>\n\t\t\t\t\t<div class=\"elementor-container elementor-column-gap-default\">\n\t\t\t\t\t<div class=\"elementor-column elementor-col-100 elementor-top-column elementor-element elementor-element-14fc7b8\" data-id=\"14fc7b8\" data-element_type=\"column\" data-e-type=\"column\">\n\t\t\t<div class=\"elementor-widget-wrap elementor-element-populated\">\n\t\t\t\t\t\t<div class=\"elementor-element elementor-element-29430fb elementor-widget elementor-widget-heading\" data-id=\"29430fb\" data-element_type=\"widget\" data-e-type=\"widget\" data-widget_type=\"heading.default\">\n\t\t\t\t<div class=\"elementor-widget-container\">\n\t\t\t\t\t<h2 class=\"elementor-heading-title elementor-size-default\">S\u00f6ka personlig assistans \u2013 vi hj\u00e4lper dig hela v\u00e4gen<\/h2>\t\t\t\t<\/div>\n\t\t\t\t<\/div>\n\t\t\t\t<div class=\"elementor-element elementor-element-1f98e24 elementor-widget elementor-widget-text-editor\" data-id=\"1f98e24\" data-element_type=\"widget\" data-e-type=\"widget\" data-widget_type=\"text-editor.default\">\n\t\t\t\t<div class=\"elementor-widget-container\">\n\t\t\t\t\t\t\t\t\t<p>Att ans\u00f6ka om personlig assistans kan k\u00e4nnas sv\u00e5rt och kr\u00e5ngligt. Hos GK assistans f\u00e5r du st\u00f6d genom hela processen \u2013 fr\u00e5n f\u00f6rsta samtalet tills assistansen \u00e4r p\u00e5 plats. Vi tar hand om kontakten med myndigheter, hj\u00e4lper till med alla papper och ser till att du f\u00e5r det st\u00f6d du har r\u00e4tt till enligt lagen.<\/p><p>Det b\u00f6rjar med att du kontaktar oss. Vi bokar ett personligt m\u00f6te, ofta ett hembes\u00f6k, d\u00e4r vi g\u00e5r igenom din situation och vad du beh\u00f6ver. Om vi \u00e4r \u00f6verens om att arbeta tillsammans skriver vi ett avtal och startar processen.<\/p><p>V\u00e5ra jurister hj\u00e4lper dig att formulera ans\u00f6kan p\u00e5 r\u00e4tt s\u00e4tt och skickar in den till kommunen eller F\u00f6rs\u00e4kringskassan. N\u00e4r en utredning bokas finns vi vid din sida. Tillsammans beskriver vi hur din vardag ser ut och vilket st\u00f6d du beh\u00f6ver.<\/p><p>Efter utredningen granskar vi dokumentationen noggrant. Om n\u00e5got beh\u00f6ver \u00e4ndras kontaktar vi myndigheten direkt. N\u00e4r beslutet kommer g\u00e5r vi igenom det tillsammans. Om det beh\u00f6vs hj\u00e4lper vi dig att \u00f6verklaga \u2013 helt utan kostnad.<\/p><p>N\u00e4r beslutet \u00e4r godk\u00e4nt b\u00f6rjar vi bygga din assistans. Du kan ha med egna assistenter eller l\u00e5ta oss hj\u00e4lpa dig att hitta r\u00e4tt person. Sj\u00e4lvklart sker allt i n\u00e4ra samr\u00e5d med dig.<\/p><p>Vi f\u00f6rsvinner inte n\u00e4r assistansen startar. Vi f\u00f6ljer upp, lyssnar och justerar vid behov \u2013 s\u00e5 att det verkligen fungerar i vardagen. Har du fr\u00e5gor eller funderingar? H\u00f6r av dig. Vi finns h\u00e4r f\u00f6r att hj\u00e4lpa dig till en tryggare vardag.<\/p>\t\t\t\t\t\t\t\t<\/div>\n\t\t\t\t<\/div>\n\t\t\t\t\t<\/div>\n\t\t<\/div>\n\t\t\t\t\t<\/div>\n\t\t<\/section>\n\t\t\t\t<section class=\"elementor-section elementor-top-section elementor-element elementor-element-0f36d4a elementor-section-height-min-height elementor-section-items-stretch elementor-reverse-mobile elementor-section-boxed elementor-section-height-default\" data-id=\"0f36d4a\" data-element_type=\"section\" data-e-type=\"section\" data-settings=\"{&quot;background_background&quot;:&quot;classic&quot;,&quot;shape_divider_bottom&quot;:&quot;curve&quot;,&quot;shape_divider_bottom_negative&quot;:&quot;yes&quot;}\">\n\t\t\t\t\t<div class=\"elementor-shape elementor-shape-bottom\" aria-hidden=\"true\" data-negative=\"true\">\n\t\t\t<svg xmlns=\"http:\/\/www.w3.org\/2000\/svg\" viewBox=\"0 0 1000 100\" preserveAspectRatio=\"none\">\n\t<path class=\"elementor-shape-fill\" d=\"M500,97C126.7,96.3,0.8,19.8,0,0v100l1000,0V1C1000,19.4,873.3,97.8,500,97z\"\/>\n<\/svg>\t\t<\/div>\n\t\t\t\t\t<div class=\"elementor-container elementor-column-gap-default\">\n\t\t\t\t\t<div class=\"elementor-column elementor-col-100 elementor-top-column elementor-element elementor-element-cd3aaaa\" data-id=\"cd3aaaa\" data-element_type=\"column\" data-e-type=\"column\">\n\t\t\t<div class=\"elementor-widget-wrap elementor-element-populated\">\n\t\t\t\t\t\t<div class=\"elementor-element elementor-element-6daaaf0 elementor-widget elementor-widget-heading\" data-id=\"6daaaf0\" data-element_type=\"widget\" data-e-type=\"widget\" data-widget_type=\"heading.default\">\n\t\t\t\t<div class=\"elementor-widget-container\">\n\t\t\t\t\t<h2 class=\"elementor-heading-title elementor-size-default\">Fyll i formul\u00e4ret s\u00e5 hj\u00e4lper vi dig!\n<\/h2>\t\t\t\t<\/div>\n\t\t\t\t<\/div>\n\t\t\t\t<div class=\"elementor-element elementor-element-6b769e6 elementor-button-align-start gkaccept elementor-widget elementor-widget-form\" data-id=\"6b769e6\" data-element_type=\"widget\" data-e-type=\"widget\" data-settings=\"{&quot;step_next_label&quot;:&quot;Next&quot;,&quot;step_previous_label&quot;:&quot;Previous&quot;,&quot;button_width&quot;:&quot;100&quot;,&quot;step_type&quot;:&quot;number_text&quot;,&quot;step_icon_shape&quot;:&quot;circle&quot;}\" data-widget_type=\"form.default\">\n\t\t\t\t<div class=\"elementor-widget-container\">\n\t\t\t\t\t\t\t<form class=\"elementor-form\" method=\"post\" name=\"Bli kund\" aria-label=\"Bli kund\">\n\t\t\t<input type=\"hidden\" name=\"post_id\" value=\"388\"\/>\n\t\t\t<input type=\"hidden\" name=\"form_id\" value=\"6b769e6\"\/>\n\t\t\t<input type=\"hidden\" name=\"referer_title\" value=\"Bli kund\" \/>\n\n\t\t\t\t\t\t\t<input type=\"hidden\" name=\"queried_id\" value=\"388\"\/>\n\t\t\t\n\t\t\t<div class=\"elementor-form-fields-wrapper elementor-labels-above\">\n\t\t\t\t\t\t\t\t<div class=\"elementor-field-type-text elementor-field-group elementor-column elementor-field-group-name elementor-col-100 elementor-field-required\">\n\t\t\t\t\t\t\t\t\t\t\t\t<label for=\"form-field-name\" class=\"elementor-field-label\">\n\t\t\t\t\t\t\t\tDitt namn\t\t\t\t\t\t\t<\/label>\n\t\t\t\t\t\t\t\t\t\t\t\t\t\t<input size=\"1\" type=\"text\" name=\"form_fields[name]\" id=\"form-field-name\" class=\"elementor-field elementor-size-sm  elementor-field-textual\" required=\"required\">\n\t\t\t\t\t\t\t\t\t\t\t<\/div>\n\t\t\t\t\t\t\t\t<div class=\"elementor-field-type-tel elementor-field-group elementor-column elementor-field-group-field_90d465f elementor-col-100 elementor-field-required\">\n\t\t\t\t\t\t\t\t\t\t\t\t<label for=\"form-field-field_90d465f\" class=\"elementor-field-label\">\n\t\t\t\t\t\t\t\tTelefon\t\t\t\t\t\t\t<\/label>\n\t\t\t\t\t\t\t\t<input size=\"1\" type=\"tel\" name=\"form_fields[field_90d465f]\" id=\"form-field-field_90d465f\" class=\"elementor-field elementor-size-sm  elementor-field-textual\" required=\"required\" pattern=\"[0-9()#&amp;+*-=.]+\" title=\"Endast siffror och telefontecken (#, -, *, etc) accepteras.\">\n\n\t\t\t\t\t\t<\/div>\n\t\t\t\t\t\t\t\t<div class=\"elementor-field-type-email elementor-field-group elementor-column elementor-field-group-email elementor-col-100 elementor-field-required\">\n\t\t\t\t\t\t\t\t\t\t\t\t<label for=\"form-field-email\" class=\"elementor-field-label\">\n\t\t\t\t\t\t\t\tEmail\t\t\t\t\t\t\t<\/label>\n\t\t\t\t\t\t\t\t\t\t\t\t\t\t<input size=\"1\" type=\"email\" name=\"form_fields[email]\" id=\"form-field-email\" class=\"elementor-field elementor-size-sm  elementor-field-textual\" required=\"required\">\n\t\t\t\t\t\t\t\t\t\t\t<\/div>\n\t\t\t\t\t\t\t\t<div class=\"elementor-field-type-textarea elementor-field-group elementor-column elementor-field-group-message elementor-col-100\">\n\t\t\t\t\t\t\t\t\t\t\t\t<label for=\"form-field-message\" class=\"elementor-field-label\">\n\t\t\t\t\t\t\t\tMeddelande\t\t\t\t\t\t\t<\/label>\n\t\t\t\t\t\t<textarea class=\"elementor-field-textual elementor-field  elementor-size-sm\" name=\"form_fields[message]\" id=\"form-field-message\" rows=\"4\" placeholder=\"L\u00e4mna oss g\u00e4rna ett meddelande!\"><\/textarea>\t\t\t\t<\/div>\n\t\t\t\t\t\t\t\t<div class=\"elementor-field-type-html elementor-field-group elementor-column elementor-field-group-field_b38d32d elementor-col-100\">\n\t\t\t\t\t <input type=\"checkbox\" id=\"scales\" name=\"scales\"\n          required> Jag godk\u00e4nner Gkassistans <a href=\"https:\/\/gkassistans.se\/personuppgiftsbehandlling\/\" target=\"_blank\">Integritetspolicy<\/a>\t\t\t\t<\/div>\n\t\t\t\t\t\t\t\t<div class=\"elementor-field-type-recaptcha_v3 elementor-field-group elementor-column elementor-field-group-field_c121bc7 elementor-col-100 recaptcha_v3-bottomright\">\n\t\t\t\t\t<div class=\"elementor-field\" id=\"form-field-field_c121bc7\"><div class=\"elementor-g-recaptcha\" data-sitekey=\"6LeETiAsAAAAANoQ521lA5PtYnqWD5fCauaoWBhZ\" data-type=\"v3\" data-action=\"Form\" data-badge=\"bottomright\" data-size=\"invisible\"><\/div><\/div>\t\t\t\t<\/div>\n\t\t\t\t\t\t\t\t<div class=\"elementor-field-group elementor-column elementor-field-type-submit elementor-col-100 e-form__buttons\">\n\t\t\t\t\t<button class=\"elementor-button elementor-size-sm\" type=\"submit\">\n\t\t\t\t\t\t<span class=\"elementor-button-content-wrapper\">\n\t\t\t\t\t\t\t\t\t\t\t\t\t\t\t\t\t\t\t\t\t\t<span class=\"elementor-button-text\">Skicka <\/span>\n\t\t\t\t\t\t\t\t\t\t\t\t\t<\/span>\n\t\t\t\t\t<\/button>\n\t\t\t\t<\/div>\n\t\t\t<\/div>\n\t\t<\/form>\n\t\t\t\t\t\t<\/div>\n\t\t\t\t<\/div>\n\t\t\t\t\t<\/div>\n\t\t<\/div>\n\t\t\t\t\t<\/div>\n\t\t<\/section>\n\t\t\t\t<\/div>\n\t\t","protected":false},"excerpt":{"rendered":"<p>GKassistans \/ Personlig assistans \/ Bli kund Bli kund N\u00e4r vi f\u00e5r f\u00f6rtroendet att ta emot ett nytt uppdrag, utformar vi v\u00e5r assistans utifr\u00e5n varje kunds unika behov. Vi l\u00e4gger tid, engagemang och resurser d\u00e4r de g\u00f6r mest nytta \u2013 f\u00f6r dig som kund och f\u00f6r hela din assistansgrupp. Vi engagerar oss med v\u00e5ra kunder [&hellip;]<\/p>\n","protected":false},"author":1,"featured_media":0,"parent":0,"menu_order":0,"comment_status":"closed","ping_status":"closed","template":"elementor_header_footer","meta":{"footnotes":""},"class_list":["post-388","page","type-page","status-publish","hentry"],"_links":{"self":[{"href":"https:\/\/gkassistans.se\/en\/wp-json\/wp\/v2\/pages\/388","targetHints":{"allow":["GET"]}}],"collection":[{"href":"https:\/\/gkassistans.se\/en\/wp-json\/wp\/v2\/pages"}],"about":[{"href":"https:\/\/gkassistans.se\/en\/wp-json\/wp\/v2\/types\/page"}],"author":[{"embeddable":true,"href":"https:\/\/gkassistans.se\/en\/wp-json\/wp\/v2\/users\/1"}],"replies":[{"embeddable":true,"href":"https:\/\/gkassistans.se\/en\/wp-json\/wp\/v2\/comments?post=388"}],"version-history":[{"count":76,"href":"https:\/\/gkassistans.se\/en\/wp-json\/wp\/v2\/pages\/388\/revisions"}],"predecessor-version":[{"id":1103,"href":"https:\/\/gkassistans.se\/en\/wp-json\/wp\/v2\/pages\/388\/revisions\/1103"}],"wp:attachment":[{"href":"https:\/\/gkassistans.se\/en\/wp-json\/wp\/v2\/media?parent=388"}],"curies":[{"name":"wp","href":"https:\/\/api.w.org\/{rel}","templated":true}]}}