{"id":44,"date":"2021-10-12T22:23:45","date_gmt":"2021-10-12T22:23:45","guid":{"rendered":"https:\/\/gkassistans.se\/?page_id=44"},"modified":"2025-05-08T21:13:49","modified_gmt":"2025-05-08T21:13:49","slug":"om-oss","status":"publish","type":"page","link":"https:\/\/gkassistans.se\/en\/om-oss\/","title":{"rendered":"About"},"content":{"rendered":"<div data-elementor-type=\"wp-page\" data-elementor-id=\"44\" class=\"elementor elementor-44\" data-elementor-post-type=\"page\">\n\t\t\t\t\t\t<section class=\"elementor-section elementor-top-section elementor-element elementor-element-1efde67 elementor-section-height-min-height elementor-section-boxed elementor-section-height-default elementor-section-items-middle\" data-id=\"1efde67\" data-element_type=\"section\" data-e-type=\"section\" data-settings=\"{&quot;background_background&quot;:&quot;classic&quot;}\">\n\t\t\t\t\t\t\t<div class=\"elementor-background-overlay\"><\/div>\n\t\t\t\t\t\t\t<div class=\"elementor-container elementor-column-gap-default\">\n\t\t\t\t\t<div class=\"elementor-column elementor-col-100 elementor-top-column elementor-element elementor-element-98ae0d1\" data-id=\"98ae0d1\" data-element_type=\"column\" data-e-type=\"column\">\n\t\t\t<div class=\"elementor-widget-wrap elementor-element-populated\">\n\t\t\t\t\t\t<div class=\"elementor-element elementor-element-f946f6f elementor-widget elementor-widget-text-editor\" data-id=\"f946f6f\" data-element_type=\"widget\" data-e-type=\"widget\" data-widget_type=\"text-editor.default\">\n\t\t\t\t<div class=\"elementor-widget-container\">\n\t\t\t\t\t\t\t\t\t<p class=\"translation-block\"><a href=\"https:\/\/gkassistans.se\/en\/\" target=\"_self\">GKassistants<\/a> \/ <span style=\"color: #faa09b\">About GKassistants<\/span><\/p>\t\t\t\t\t\t\t\t<\/div>\n\t\t\t\t<\/div>\n\t\t\t\t<div class=\"elementor-element elementor-element-be34f9b elementor-widget elementor-widget-heading\" data-id=\"be34f9b\" data-element_type=\"widget\" data-e-type=\"widget\" data-widget_type=\"heading.default\">\n\t\t\t\t<div class=\"elementor-widget-container\">\n\t\t\t\t\t<h2 class=\"elementor-heading-title elementor-size-default\">About Gk Assistance\n\n<\/h2>\t\t\t\t<\/div>\n\t\t\t\t<\/div>\n\t\t\t\t<div class=\"elementor-element elementor-element-514daa2 elementor-widget elementor-widget-text-editor\" data-id=\"514daa2\" data-element_type=\"widget\" data-e-type=\"widget\" data-widget_type=\"text-editor.default\">\n\t\t\t\t<div class=\"elementor-widget-container\">\n\t\t\t\t\t\t\t\t\t<p class=\"translation-block\">At <strong data-start=\"43\" data-end=\"59\">GK Assistans<\/strong>, the individual is at the center. We are passionate about creating a safe and meaningful everyday life for those we support, while being there for their loved ones. With experience, commitment and consideration, we work to give each person the support that suits their needs and life situation.<\/p>\t\t\t\t\t\t\t\t<\/div>\n\t\t\t\t<\/div>\n\t\t\t\t\t<\/div>\n\t\t<\/div>\n\t\t\t\t\t<\/div>\n\t\t<\/section>\n\t\t\t\t<section class=\"elementor-section elementor-top-section elementor-element elementor-element-0ad6e80 elementor-section-height-min-height elementor-section-items-stretch elementor-section-boxed elementor-section-height-default\" data-id=\"0ad6e80\" data-element_type=\"section\" data-e-type=\"section\" data-settings=\"{&quot;background_background&quot;:&quot;classic&quot;,&quot;shape_divider_bottom&quot;:&quot;curve&quot;,&quot;shape_divider_bottom_negative&quot;:&quot;yes&quot;}\">\n\t\t\t\t\t<div class=\"elementor-shape elementor-shape-bottom\" aria-hidden=\"true\" data-negative=\"true\">\n\t\t\t<svg xmlns=\"http:\/\/www.w3.org\/2000\/svg\" viewbox=\"0 0 1000 100\" preserveaspectratio=\"none\">\n\t<path class=\"elementor-shape-fill\" d=\"M500,97C126.7,96.3,0.8,19.8,0,0v100l1000,0V1C1000,19.4,873.3,97.8,500,97z\"\/>\n<\/svg>\t\t<\/div>\n\t\t\t\t\t<div class=\"elementor-container elementor-column-gap-default\">\n\t\t\t\t\t<div class=\"elementor-column elementor-col-50 elementor-top-column elementor-element elementor-element-29594ec\" data-id=\"29594ec\" data-element_type=\"column\" data-e-type=\"column\">\n\t\t\t<div class=\"elementor-widget-wrap elementor-element-populated\">\n\t\t\t\t\t\t<div class=\"elementor-element elementor-element-c4ac9dc elementor-widget elementor-widget-heading\" data-id=\"c4ac9dc\" data-element_type=\"widget\" data-e-type=\"widget\" data-widget_type=\"heading.default\">\n\t\t\t\t<div class=\"elementor-widget-container\">\n\t\t\t\t\t<h2 class=\"elementor-heading-title elementor-size-default\">GK Assistans historia <\/h2>\t\t\t\t<\/div>\n\t\t\t\t<\/div>\n\t\t\t\t<div class=\"elementor-element elementor-element-cf83c44 elementor-widget elementor-widget-text-editor\" data-id=\"cf83c44\" data-element_type=\"widget\" data-e-type=\"widget\" data-widget_type=\"text-editor.default\">\n\t\t\t\t<div class=\"elementor-widget-container\">\n\t\t\t\t\t\t\t\t\t<p>Since 2006, GK Assistans has provided personal assistance of the highest quality. Over the years, we have accumulated extensive knowledge and experience to ensure that we meet each client's unique needs. With us, the customer is always at the center - we ensure that you are actively involved and have a say in all aspects of your assistance. Our priority is to build long-term relationships based on trust and open communication.<\/p>\n<p>We offer a complete assistance service that covers all aspects of the service. This includes recruitment, employment, work environment issues, employee and salary discussions, training, staff meetings, and support in contacts with authorities. We adapt our services to your wishes and needs, and are ready to adjust the structure as your needs change.<\/p>\n<p>Our commitment is profound \u2013 we don\u2019t enter into contracts until we are confident we can deliver life-changing assistance. We are here to support you, whatever your needs.<\/p>\t\t\t\t\t\t\t\t<\/div>\n\t\t\t\t<\/div>\n\t\t\t\t\t<\/div>\n\t\t<\/div>\n\t\t\t\t<div class=\"elementor-column elementor-col-50 elementor-top-column elementor-element elementor-element-23a1e45\" data-id=\"23a1e45\" data-element_type=\"column\" data-e-type=\"column\" data-settings=\"{&quot;background_background&quot;:&quot;classic&quot;}\">\n\t\t\t<div class=\"elementor-widget-wrap elementor-element-populated\">\n\t\t\t\t\t\t<div class=\"elementor-element elementor-element-d7aff07 elementor-widget elementor-widget-spacer\" data-id=\"d7aff07\" data-element_type=\"widget\" data-e-type=\"widget\" data-widget_type=\"spacer.default\">\n\t\t\t\t<div class=\"elementor-widget-container\">\n\t\t\t\t\t\t\t<div class=\"elementor-spacer\">\n\t\t\t<div class=\"elementor-spacer-inner\"><\/div>\n\t\t<\/div>\n\t\t\t\t\t\t<\/div>\n\t\t\t\t<\/div>\n\t\t\t\t\t<\/div>\n\t\t<\/div>\n\t\t\t\t\t<\/div>\n\t\t<\/section>\n\t\t\t\t<section class=\"elementor-section elementor-top-section elementor-element elementor-element-cd7572f elementor-section-height-min-height elementor-section-items-stretch elementor-reverse-tablet elementor-reverse-mobile elementor-section-boxed elementor-section-height-default\" data-id=\"cd7572f\" data-element_type=\"section\" data-e-type=\"section\" data-settings=\"{&quot;background_background&quot;:&quot;classic&quot;,&quot;shape_divider_bottom&quot;:&quot;curve&quot;,&quot;shape_divider_bottom_negative&quot;:&quot;yes&quot;}\">\n\t\t\t\t\t<div class=\"elementor-shape elementor-shape-bottom\" aria-hidden=\"true\" data-negative=\"true\">\n\t\t\t<svg xmlns=\"http:\/\/www.w3.org\/2000\/svg\" viewbox=\"0 0 1000 100\" preserveaspectratio=\"none\">\n\t<path class=\"elementor-shape-fill\" d=\"M500,97C126.7,96.3,0.8,19.8,0,0v100l1000,0V1C1000,19.4,873.3,97.8,500,97z\"\/>\n<\/svg>\t\t<\/div>\n\t\t\t\t\t<div class=\"elementor-container elementor-column-gap-default\">\n\t\t\t\t\t<div class=\"elementor-column elementor-col-100 elementor-top-column elementor-element elementor-element-4e25b27\" data-id=\"4e25b27\" data-element_type=\"column\" data-e-type=\"column\">\n\t\t\t<div class=\"elementor-widget-wrap elementor-element-populated\">\n\t\t\t\t\t\t<div class=\"elementor-element elementor-element-357ca3f elementor-widget elementor-widget-heading\" data-id=\"357ca3f\" data-element_type=\"widget\" data-e-type=\"widget\" data-widget_type=\"heading.default\">\n\t\t\t\t<div class=\"elementor-widget-container\">\n\t\t\t\t\t<h2 class=\"elementor-heading-title elementor-size-default\">Quality work and work environment at GK Assistans<\/h2>\t\t\t\t<\/div>\n\t\t\t\t<\/div>\n\t\t\t\t<div class=\"elementor-element elementor-element-50cc025 elementor-widget elementor-widget-text-editor\" data-id=\"50cc025\" data-element_type=\"widget\" data-e-type=\"widget\" data-widget_type=\"text-editor.default\">\n\t\t\t\t<div class=\"elementor-widget-container\">\n\t\t\t\t\t\t\t\t\t<p>At GK Assistans, quality and safety in our work are fundamental. Our goal is to constantly improve our service and work environment. Therefore, all employees are required to report any deviations, work injuries or comments. These reports are followed up systematically and continuously to identify opportunities for improvement and promote a learning climate within the organization. Through this work, we strive to not only meet but also exceed the standards and expectations placed on us in personal assistance according to LSS.<\/p><p>We place great importance on the well-being and safety of our assistants. A systematic work environment approach is central to our operations, and we work proactively to create a workplace where everyone feels safe and can perform at their best. This includes regular training, support and resources needed for each assistant to be able to perform their work effectively and safely.<\/p><p>According to Lex Sarah, we are also obliged to report circumstances that may lead to serious mismanagement of the care of our clients. This legislation strengthens our commitment to constantly monitor and improve the quality of the assistance we provide. Reporting according to Lex Sarah is part of our quality work and contributes to raising the standard of care and assistance.<\/p><p>To further support our employees\u2019 professional growth, GK Assistans invests significant resources in training and career development. We offer regular internal and external training programs, including leadership development and specialized courses tailored to the unique needs of personal assistance. Our goal is for every employee to have the opportunity to grow and develop in their role, which in turn leads to higher service quality and better assistance for our clients.<\/p><p>By integrating these principles into everything we do, we ensure that GK Assistans not only delivers high quality services but also continuously develops in line with our customers' needs and well-being. We are proud of our work and committed to providing a service where both customers and employees feel valued and respected.<\/p><p>\u00a0<\/p>\t\t\t\t\t\t\t\t<\/div>\n\t\t\t\t<\/div>\n\t\t\t\t\t<\/div>\n\t\t<\/div>\n\t\t\t\t\t<\/div>\n\t\t<\/section>\n\t\t\t\t<\/div>","protected":false},"excerpt":{"rendered":"<p>GKassistans \/ Om GKassistans Om Gk Assistans Hos GK Assistans st\u00e5r individen i centrum. Vi brinner f\u00f6r att skapa en trygg och meningsfull vardag f\u00f6r dem vi st\u00f6ttar, samtidigt som vi finns d\u00e4r f\u00f6r deras n\u00e4rst\u00e5ende. Med erfarenhet, engagemang och omtanke arbetar vi f\u00f6r att ge varje person det st\u00f6d som passar just deras behov [&hellip;]<\/p>\n","protected":false},"author":1,"featured_media":0,"parent":0,"menu_order":0,"comment_status":"closed","ping_status":"closed","template":"elementor_header_footer","meta":{"footnotes":""},"class_list":["post-44","page","type-page","status-publish","hentry"],"_links":{"self":[{"href":"https:\/\/gkassistans.se\/en\/wp-json\/wp\/v2\/pages\/44","targetHints":{"allow":["GET"]}}],"collection":[{"href":"https:\/\/gkassistans.se\/en\/wp-json\/wp\/v2\/pages"}],"about":[{"href":"https:\/\/gkassistans.se\/en\/wp-json\/wp\/v2\/types\/page"}],"author":[{"embeddable":true,"href":"https:\/\/gkassistans.se\/en\/wp-json\/wp\/v2\/users\/1"}],"replies":[{"embeddable":true,"href":"https:\/\/gkassistans.se\/en\/wp-json\/wp\/v2\/comments?post=44"}],"version-history":[{"count":41,"href":"https:\/\/gkassistans.se\/en\/wp-json\/wp\/v2\/pages\/44\/revisions"}],"predecessor-version":[{"id":994,"href":"https:\/\/gkassistans.se\/en\/wp-json\/wp\/v2\/pages\/44\/revisions\/994"}],"wp:attachment":[{"href":"https:\/\/gkassistans.se\/en\/wp-json\/wp\/v2\/media?parent=44"}],"curies":[{"name":"wp","href":"https:\/\/api.w.org\/{rel}","templated":true}]}}