{"id":508,"date":"2021-10-26T22:59:50","date_gmt":"2021-10-26T22:59:50","guid":{"rendered":"https:\/\/gkassistans.se\/?page_id=508"},"modified":"2025-05-08T21:14:56","modified_gmt":"2025-05-08T21:14:56","slug":"personuppgiftsbehandlling","status":"publish","type":"page","link":"https:\/\/gkassistans.se\/en\/personuppgiftsbehandlling\/","title":{"rendered":"Personuppgiftsbehandlling"},"content":{"rendered":"<div data-elementor-type=\"wp-page\" data-elementor-id=\"508\" class=\"elementor elementor-508\" data-elementor-post-type=\"page\">\n\t\t\t\t\t\t<section class=\"elementor-section elementor-top-section elementor-element elementor-element-372b958 elementor-section-height-min-height elementor-section-boxed elementor-section-height-default elementor-section-items-middle\" data-id=\"372b958\" data-element_type=\"section\" data-e-type=\"section\" data-settings=\"{&quot;background_background&quot;:&quot;classic&quot;}\">\n\t\t\t\t\t\t\t<div class=\"elementor-background-overlay\"><\/div>\n\t\t\t\t\t\t\t<div class=\"elementor-container elementor-column-gap-default\">\n\t\t\t\t\t<div class=\"elementor-column elementor-col-100 elementor-top-column elementor-element elementor-element-331f647\" data-id=\"331f647\" data-element_type=\"column\" data-e-type=\"column\">\n\t\t\t<div class=\"elementor-widget-wrap elementor-element-populated\">\n\t\t\t\t\t\t<div class=\"elementor-element elementor-element-e9a513d elementor-widget elementor-widget-text-editor\" data-id=\"e9a513d\" data-element_type=\"widget\" data-e-type=\"widget\" data-widget_type=\"text-editor.default\">\n\t\t\t\t<div class=\"elementor-widget-container\">\n\t\t\t\t\t\t\t\t\t<p><a href=\"https:\/\/gkassistans.se\/en\/\">GKassistans<\/a> \/ <span style=\"color: #faa09b;\">Personal data processing<\/span><\/p>\t\t\t\t\t\t\t\t<\/div>\n\t\t\t\t<\/div>\n\t\t\t\t<div class=\"elementor-element elementor-element-887adea elementor-widget elementor-widget-heading\" data-id=\"887adea\" data-element_type=\"widget\" data-e-type=\"widget\" data-widget_type=\"heading.default\">\n\t\t\t\t<div class=\"elementor-widget-container\">\n\t\t\t\t\t<h2 class=\"elementor-heading-title elementor-size-default\">How do we handle your personal data?<\/h2>\t\t\t\t<\/div>\n\t\t\t\t<\/div>\n\t\t\t\t<div class=\"elementor-element elementor-element-1516aee elementor-widget elementor-widget-text-editor\" data-id=\"1516aee\" data-element_type=\"widget\" data-e-type=\"widget\" data-widget_type=\"text-editor.default\">\n\t\t\t\t<div class=\"elementor-widget-container\">\n\t\t\t\t\t\t\t\t\t<p>Read more about how we handle your data<\/p>\t\t\t\t\t\t\t\t<\/div>\n\t\t\t\t<\/div>\n\t\t\t\t\t<\/div>\n\t\t<\/div>\n\t\t\t\t\t<\/div>\n\t\t<\/section>\n\t\t\t\t<section class=\"elementor-section elementor-top-section elementor-element elementor-element-312fee5 elementor-section-height-min-height elementor-section-items-stretch elementor-reverse-tablet elementor-reverse-mobile elementor-section-boxed elementor-section-height-default\" data-id=\"312fee5\" data-element_type=\"section\" data-e-type=\"section\" data-settings=\"{&quot;background_background&quot;:&quot;classic&quot;,&quot;shape_divider_bottom&quot;:&quot;curve&quot;,&quot;shape_divider_bottom_negative&quot;:&quot;yes&quot;}\">\n\t\t\t\t\t<div class=\"elementor-shape elementor-shape-bottom\" aria-hidden=\"true\" data-negative=\"true\">\n\t\t\t<svg xmlns=\"http:\/\/www.w3.org\/2000\/svg\" viewbox=\"0 0 1000 100\" preserveaspectratio=\"none\">\n\t<path class=\"elementor-shape-fill\" d=\"M500,97C126.7,96.3,0.8,19.8,0,0v100l1000,0V1C1000,19.4,873.3,97.8,500,97z\"\/>\n<\/svg>\t\t<\/div>\n\t\t\t\t\t<div class=\"elementor-container elementor-column-gap-default\">\n\t\t\t\t\t<div class=\"elementor-column elementor-col-100 elementor-top-column elementor-element elementor-element-c73779a\" data-id=\"c73779a\" data-element_type=\"column\" data-e-type=\"column\">\n\t\t\t<div class=\"elementor-widget-wrap elementor-element-populated\">\n\t\t\t\t\t\t<div class=\"elementor-element elementor-element-bf82685 elementor-widget elementor-widget-text-editor\" data-id=\"bf82685\" data-element_type=\"widget\" data-e-type=\"widget\" data-widget_type=\"text-editor.default\">\n\t\t\t\t<div class=\"elementor-widget-container\">\n\t\t\t\t\t\t\t\t\t<section data-id=\"254c533\" data-element_type=\"section\" data-settings=\"{\">\n<div>\n<div>\n<div data-id=\"35d0b85\" data-element_type=\"column\">\n<div>\n<div>\n<div data-id=\"55e84d1\" data-element_type=\"widget\" data-widget_type=\"heading.default\">\n<div>\n<h3>Who is Gkassistans AB?<\/h3>\n<\/div>\n<\/div>\n<div data-id=\"567425d\" data-element_type=\"widget\" data-widget_type=\"text-editor.default\">\n<div>\n<div>\n<p>Gkassistans AB (Gkassistans) safeguards the security of your personal information with the utmost integrity and consideration. Our website https:\/\/gkassistans.se\/ is encrypted with HTTPS\/SSL certificates. The certificate is designed to prevent unauthorized persons from seeing information sent between servers. Here we explain how we collect and use data to comply with applicable laws and regulations (GDPR). The information on this page may be updated. This privacy policy was updated on 2025-05-01.<\/p>\n<\/div>\n<\/div>\n<\/div>\n<\/div>\n<\/div>\n<\/div>\n<\/div>\n<\/div>\n<\/section>\n<section data-id=\"328367e\" data-element_type=\"section\" data-settings=\"{\">\n<div>\n<div>\n<div data-id=\"18e1297\" data-element_type=\"column\">\n<div>\n<div>\n<div data-id=\"55afeaf\" data-element_type=\"widget\" data-widget_type=\"heading.default\">\n<div>\n<h3>What data do we store and for how long?<\/h3>\n<\/div>\n<\/div>\n<div data-id=\"87957f9\" data-element_type=\"widget\" data-widget_type=\"text-editor.default\">\n<div>\n<div>\n<p>The data stored with us are the fields that the respective forms contain. The personal data is collected and processed for the purpose of administering the action you have requested. Or as required by law, and is not stored longer than is necessary to fulfill this purpose. If you submit your personal data\/fill out a form to Gkassistans via this website, you consent to its processing, in accordance with this policy.<\/p>\n<\/div>\n<\/div>\n<\/div>\n<\/div>\n<\/div>\n<\/div>\n<\/div>\n<\/div>\n<\/section>\n<section data-id=\"11b6217\" data-element_type=\"section\" data-settings=\"{\">\n<div>\n<div>\n<div data-id=\"78c6668\" data-element_type=\"column\">\n<div>\n<div>\n<div data-id=\"ba11fba\" data-element_type=\"widget\" data-widget_type=\"heading.default\">\n<div>\n<h3>Purpose of the collection<\/h3>\n<\/div>\n<\/div>\n<div data-id=\"76cc256\" data-element_type=\"widget\" data-widget_type=\"text-editor.default\">\n<div>\n<div>\n<p>We collect information to contact, establish and\/or maintain a business relationship or inquiry.<\/p>\n<\/div>\n<\/div>\n<\/div>\n<\/div>\n<\/div>\n<\/div>\n<\/div>\n<\/div>\n<\/section>\n<section data-id=\"0c10f95\" data-element_type=\"section\" data-settings=\"{\">\n<div>\n<div>\n<div data-id=\"4d25305\" data-element_type=\"column\">\n<div>\n<div>\n<div data-id=\"2658fac\" data-element_type=\"widget\" data-widget_type=\"heading.default\">\n<div>\n<h3>Cookie information<\/h3>\n<\/div>\n<\/div>\n<div data-id=\"49ae344\" data-element_type=\"widget\" data-widget_type=\"text-editor.default\">\n<div>\n<div>\n<p>According to the Electronic Information Act, visitors to a website must be informed, for privacy purposes, that cookies are used. The information in the cookie can be used to track a user's surfing. A cookie is a small text file that the website you are visiting requests to be saved on your computer to provide access to various functions. You can set your browser to automatically refuse cookies. More information can be found on the Swedish Post and Telecom Agency's website.<\/p>\n<\/div>\n<\/div>\n<\/div>\n<\/div>\n<\/div>\n<\/div>\n<\/div>\n<\/div>\n<\/section>\n<section data-id=\"51bfd55\" data-element_type=\"section\" data-settings=\"{\">\n<div>\n<div>\n<div data-id=\"94406e9\" data-element_type=\"column\">\n<div>\n<div>\n<div data-id=\"63e34b4\" data-element_type=\"widget\" data-widget_type=\"heading.default\">\n<div>\n<h3>Amendment\/deletion and right to information about personal data<\/h3>\n<\/div>\n<\/div>\n<div data-id=\"7464370\" data-element_type=\"widget\" data-widget_type=\"text-editor.default\">\n<div>\n<div>\n<p>You always have the opportunity and right to request access to the information we have stored. You also have the right to request modification or deletion of your information. To do this, contact us via email. When you are a customer with us, we always need your information to be able to continue our cooperation.<\/p>\n<\/div>\n<\/div>\n<\/div>\n<\/div>\n<\/div>\n<\/div>\n<\/div>\n<\/div>\n<\/section>\n<section data-id=\"fed864e\" data-element_type=\"section\" data-settings=\"{\">\n<div>\n<div>\n<div data-id=\"d7084c9\" data-element_type=\"column\">\n<div>\n<div>\n<div data-id=\"e1780d9\" data-element_type=\"widget\" data-widget_type=\"heading.default\">\n<div>\n<h3>Changes to the General Terms and Conditions<\/h3>\n<\/div>\n<\/div>\n<div data-id=\"cfa647f\" data-element_type=\"widget\" data-widget_type=\"text-editor.default\">\n<div>\n<div>\n<p>We reserve the right to make changes to the Terms and Conditions at any time. Changes to the Terms and Conditions will be posted online on the Website. The changed Terms and Conditions will be deemed accepted upon placing an order or visiting the Website.<\/p>\n<\/div>\n<\/div>\n<\/div>\n<\/div>\n<\/div>\n<\/div>\n<\/div>\n<\/div>\n<\/section>\n<section data-id=\"d6f7269\" data-element_type=\"section\" data-settings=\"{\">\n<div>\n<div>\n<div data-id=\"87bc843\" data-element_type=\"column\">\n<div>\n<div>\n<div data-id=\"9036ed8\" data-element_type=\"widget\" data-widget_type=\"heading.default\">\n<div>\n<h3>Sharing data with third parties<\/h3>\n<\/div>\n<\/div>\n<div data-id=\"d9631b9\" data-element_type=\"widget\" data-widget_type=\"text-editor.default\">\n<div>\n<div>\n<p class=\"translation-block\">Gkassistans may, in some cases, forward your personal data to third parties and partners if it is deemed necessary to fulfill your request for our services. Your personal data is only stored for the period that is necessary with regard to the purpose of the processing, unless otherwise stated in this policy. The information will be assigned to Gkassistans' financing partner to fulfill your request for financing solutions.<br>We use Facebook Chat, among other things, to communicate with our customers, so we save the chat history in order to be able to answer your questions.<\/p>\n<\/div>\n<\/div>\n<\/div>\n<\/div>\n<\/div>\n<\/div>\n<\/div>\n<\/div>\n<\/section>\t\t\t\t\t\t\t\t<\/div>\n\t\t\t\t<\/div>\n\t\t\t\t\t<\/div>\n\t\t<\/div>\n\t\t\t\t\t<\/div>\n\t\t<\/section>\n\t\t\t\t<\/div>","protected":false},"excerpt":{"rendered":"<p>GKassistans \/ Personuppgiftsbehandling Hur hanterar vi dina personuppgifter? L\u00e4s mer om hur vi hanterar dina uppgifter Vem \u00e4r Gkassistans AB Gkassistans AB (Gkassistans) v\u00e4rnar om s\u00e4kerheten kring era personuppgifter med st\u00f6rsta integritet och h\u00e4nsyn. V\u00e5r webbplats https:\/\/gkassistans.se\/ \u00e4r krypterad med HTTPS\/SSL-certifikat. Certifikatet \u00e4r till f\u00f6r att f\u00f6rhindra obeh\u00f6riga personer att se information som skickas mellan [&hellip;]<\/p>\n","protected":false},"author":1,"featured_media":0,"parent":0,"menu_order":0,"comment_status":"closed","ping_status":"closed","template":"elementor_header_footer","meta":{"footnotes":""},"class_list":["post-508","page","type-page","status-publish","hentry"],"_links":{"self":[{"href":"https:\/\/gkassistans.se\/en\/wp-json\/wp\/v2\/pages\/508","targetHints":{"allow":["GET"]}}],"collection":[{"href":"https:\/\/gkassistans.se\/en\/wp-json\/wp\/v2\/pages"}],"about":[{"href":"https:\/\/gkassistans.se\/en\/wp-json\/wp\/v2\/types\/page"}],"author":[{"embeddable":true,"href":"https:\/\/gkassistans.se\/en\/wp-json\/wp\/v2\/users\/1"}],"replies":[{"embeddable":true,"href":"https:\/\/gkassistans.se\/en\/wp-json\/wp\/v2\/comments?post=508"}],"version-history":[{"count":31,"href":"https:\/\/gkassistans.se\/en\/wp-json\/wp\/v2\/pages\/508\/revisions"}],"predecessor-version":[{"id":1003,"href":"https:\/\/gkassistans.se\/en\/wp-json\/wp\/v2\/pages\/508\/revisions\/1003"}],"wp:attachment":[{"href":"https:\/\/gkassistans.se\/en\/wp-json\/wp\/v2\/media?parent=508"}],"curies":[{"name":"wp","href":"https:\/\/api.w.org\/{rel}","templated":true}]}}