{"id":567,"date":"2021-10-26T23:28:12","date_gmt":"2021-10-26T23:28:12","guid":{"rendered":"https:\/\/gkassistans.se\/?page_id=567"},"modified":"2026-03-26T18:19:45","modified_gmt":"2026-03-26T18:19:45","slug":"cookies","status":"publish","type":"page","link":"https:\/\/gkassistans.se\/en\/cookies\/","title":{"rendered":"Cookies"},"content":{"rendered":"<div data-elementor-type=\"wp-page\" data-elementor-id=\"567\" class=\"elementor elementor-567\" data-elementor-post-type=\"page\">\n\t\t\t\t\t\t<section class=\"elementor-section elementor-top-section elementor-element elementor-element-ed650c8 elementor-section-height-min-height elementor-section-boxed elementor-section-height-default elementor-section-items-middle\" data-id=\"ed650c8\" data-element_type=\"section\" data-e-type=\"section\" data-settings=\"{&quot;background_background&quot;:&quot;classic&quot;}\">\n\t\t\t\t\t\t\t<div class=\"elementor-background-overlay\"><\/div>\n\t\t\t\t\t\t\t<div class=\"elementor-container elementor-column-gap-default\">\n\t\t\t\t\t<div class=\"elementor-column elementor-col-100 elementor-top-column elementor-element elementor-element-fc0e616\" data-id=\"fc0e616\" data-element_type=\"column\" data-e-type=\"column\">\n\t\t\t<div class=\"elementor-widget-wrap elementor-element-populated\">\n\t\t\t\t\t\t<div class=\"elementor-element elementor-element-6c2e76f elementor-widget elementor-widget-text-editor\" data-id=\"6c2e76f\" data-element_type=\"widget\" data-e-type=\"widget\" data-widget_type=\"text-editor.default\">\n\t\t\t\t<div class=\"elementor-widget-container\">\n\t\t\t\t\t\t\t\t\t<p><a href=\"https:\/\/gkassistans.se\/en\/\">GKassistans<\/a> \/ <span style=\"color: #faa09b;\">Cookies<\/span><\/p>\t\t\t\t\t\t\t\t<\/div>\n\t\t\t\t<\/div>\n\t\t\t\t<div class=\"elementor-element elementor-element-57e2d98 elementor-widget elementor-widget-heading\" data-id=\"57e2d98\" data-element_type=\"widget\" data-e-type=\"widget\" data-widget_type=\"heading.default\">\n\t\t\t\t<div class=\"elementor-widget-container\">\n\t\t\t\t\t<h2 class=\"elementor-heading-title elementor-size-default\">What are cookies?<\/h2>\t\t\t\t<\/div>\n\t\t\t\t<\/div>\n\t\t\t\t<div class=\"elementor-element elementor-element-f0aa5d9 elementor-widget elementor-widget-text-editor\" data-id=\"f0aa5d9\" data-element_type=\"widget\" data-e-type=\"widget\" data-widget_type=\"text-editor.default\">\n\t\t\t\t<div class=\"elementor-widget-container\">\n\t\t\t\t\t\t\t\t\t<p>Read more about how cookies are used below.<\/p>\t\t\t\t\t\t\t\t<\/div>\n\t\t\t\t<\/div>\n\t\t\t\t\t<\/div>\n\t\t<\/div>\n\t\t\t\t\t<\/div>\n\t\t<\/section>\n\t\t\t\t<section class=\"elementor-section elementor-top-section elementor-element elementor-element-a9d5ec8 elementor-section-height-min-height elementor-section-items-stretch elementor-reverse-tablet elementor-reverse-mobile elementor-section-boxed elementor-section-height-default\" data-id=\"a9d5ec8\" data-element_type=\"section\" data-e-type=\"section\" data-settings=\"{&quot;background_background&quot;:&quot;classic&quot;,&quot;shape_divider_bottom&quot;:&quot;curve&quot;,&quot;shape_divider_bottom_negative&quot;:&quot;yes&quot;}\">\n\t\t\t\t\t<div class=\"elementor-shape elementor-shape-bottom\" aria-hidden=\"true\" data-negative=\"true\">\n\t\t\t<svg xmlns=\"http:\/\/www.w3.org\/2000\/svg\" viewbox=\"0 0 1000 100\" preserveaspectratio=\"none\">\n\t<path class=\"elementor-shape-fill\" d=\"M500,97C126.7,96.3,0.8,19.8,0,0v100l1000,0V1C1000,19.4,873.3,97.8,500,97z\"\/>\n<\/svg>\t\t<\/div>\n\t\t\t\t\t<div class=\"elementor-container elementor-column-gap-default\">\n\t\t\t\t\t<div class=\"elementor-column elementor-col-100 elementor-top-column elementor-element elementor-element-f9c3d89\" data-id=\"f9c3d89\" data-element_type=\"column\" data-e-type=\"column\">\n\t\t\t<div class=\"elementor-widget-wrap elementor-element-populated\">\n\t\t\t\t\t\t<div class=\"elementor-element elementor-element-f317c74 elementor-widget elementor-widget-text-editor\" data-id=\"f317c74\" data-element_type=\"widget\" data-e-type=\"widget\" data-widget_type=\"text-editor.default\">\n\t\t\t\t<div class=\"elementor-widget-container\">\n\t\t\t\t\t\t\t\t\t<section data-id=\"254c533\" data-element_type=\"section\" data-settings=\"{\"><div data-id=\"35d0b85\" data-element_type=\"column\"><div data-id=\"55e84d1\" data-element_type=\"widget\" data-widget_type=\"heading.default\"><section data-id=\"fff55d7\" data-element_type=\"section\" data-settings=\"{&quot;background_background&quot;:&quot;classic&quot;}\"><div><div><div data-id=\"fd849f9\" data-element_type=\"column\"><div><div><div data-id=\"93b09bc\" data-element_type=\"widget\" data-widget_type=\"heading.default\"><div><h2>Cookies<\/h2><\/div><\/div><div data-id=\"b2c94ed\" data-element_type=\"widget\" data-widget_type=\"text-editor.default\"><div><div><p>To improve your experience when you use our websites and web services \u2013 for example our checkout \u2013 we use cookies, web beacons and similar technologies. Here you can read about the different types of cookies and how we use them. You will also find information on how you can control the use of cookies or block them completely. Do you have questions about privacy and data management? It is important to us that you know that we handle personal data in a legal and reliable way. Read our data protection policy if you want to know more.<\/p><\/div><\/div><\/div><\/div><\/div><\/div><\/div><\/div><\/section><section data-id=\"c740bb8\" data-element_type=\"section\" data-settings=\"{&quot;background_background&quot;:&quot;classic&quot;}\"><div><div><div data-id=\"32d9f8a\" data-element_type=\"column\"><div><div><div data-id=\"016dfbe\" data-element_type=\"widget\" data-widget_type=\"heading.default\"><div><h2>What are cookies?<\/h2><\/div><\/div><div data-id=\"fea3039\" data-element_type=\"widget\" data-widget_type=\"text-editor.default\"><div><div><p>Cookies are small text files that are saved on your computer, phone or tablet when you use our services. They are usually sent from us and sometimes from our partners' web servers. We distinguish between session cookies and persistent cookies. Session cookies are the type that are saved temporarily while you use a website or app but disappear when you close them - the app or browser, that is. Persistent cookies remain on your computer until you delete them or they expire. This is the type of cookie that, for example, remembers if you have visited the page before and thus helps the page load faster the next time. There is also a distinction between first-party cookies and third-party cookies. First-party cookies are cookies set by the website you are visiting. While third-party cookies are set by a third-party site<\/p><p>Web beacons are small transparent images that are used to measure activity on a site. They can also be found in email messages. Why are cookies used? In most cases, cookies improve the experience for you as a user. They help you find what you are looking for, make the page faster and give us statistics about the use of our services so that we can improve them. Some cookies are also necessary for our services to function. This is how we usually divide them:<\/p><p class=\"translation-block\">\u2022 Analysis cookies: Give us statistics and analysis of your and others' use of our services. Our services would not work as smoothly without them.<br>\u2022 Functionality cookies: Enable us to save settings, such as language selection. They can also help you by filling in your details in advance if you have chosen for the service to remember you. This type of cookie helps us create basic functionality that makes your experience of our services as fast and smooth as possible.<\/p><p class=\"translation-block\">\u2022 Necessary cookies: These are cookies that are required for our services to function. They are found in our payment solutions, among other things.<br>\u2022 Security cookies: These are also classified as necessary. They help us detect fraud and keep your data safe and secure.<br>\u2022 Advertising cookies: These are cookies that help us target relevant marketing to you who use our services.<\/p><\/div><\/div><\/div><\/div><\/div><\/div><\/div><\/div><\/section><section data-id=\"146a003\" data-element_type=\"section\" data-settings=\"{&quot;background_background&quot;:&quot;classic&quot;}\"><div><div><div data-id=\"6e7f2b1\" data-element_type=\"column\"><div><div><div data-id=\"2b0962a\" data-element_type=\"widget\" data-widget_type=\"heading.default\"><div><h2>What you can do to manage the use of cookies<\/h2><\/div><\/div><div data-id=\"de5efd3\" data-element_type=\"widget\" data-widget_type=\"text-editor.default\"><div><div><p>In your browser you can adjust the settings for cookies. You can usually read more about different types of cookies there too. How the settings look varies from one browser to another. But basically everyone has settings that, among other things, block all cookies, limit the use to first-party cookies or help you delete all cookies saved on your computer.<\/p><p>Some of our services may not work if you block or delete cookies.<\/p><\/div><\/div><\/div><\/div><\/div><\/div><\/div><\/div><\/section><section data-id=\"010cdc5\" data-element_type=\"section\" data-settings=\"{&quot;background_background&quot;:&quot;classic&quot;}\"><div><div><div data-id=\"66e14f2\" data-element_type=\"column\"><div><div><div data-id=\"d8f4737\" data-element_type=\"widget\" data-widget_type=\"heading.default\"><div><h2>Contact us<\/h2><\/div><\/div><div data-id=\"9d2d144\" data-element_type=\"widget\" data-widget_type=\"text-editor.default\"><div><div><p class=\"translation-block\">We have a data protection officer and a customer service that handles data protection issues. Our customer service is more than happy to receive your questions about data protection and personal data. You can always reach Gk Assistans data protection customer service at: <a href=\"mailto:kontakt@gkassitans.se\" target=\"_self\">kontakt@gkassitans.se<\/a><\/p><p>This cookie statement was last updated on May 1, 2025.<\/p><\/div><\/div><\/div><\/div><\/div><\/div><\/div><\/div><\/section><\/div><\/div><\/section>\t\t\t\t\t\t\t\t<\/div>\n\t\t\t\t<\/div>\n\t\t\t\t\t<\/div>\n\t\t<\/div>\n\t\t\t\t\t<\/div>\n\t\t<\/section>\n\t\t\t\t<\/div>","protected":false},"excerpt":{"rendered":"<p>GKassistans \/ Cookies Vad \u00e4r cookies? L\u00e4s mer om hur cookies h\u00e4r nedan Cookies F\u00f6r att f\u00f6rb\u00e4ttra din upplevelse n\u00e4r du anv\u00e4nder v\u00e5ra webbplatser och webbtj\u00e4nster \u2013 till exempel v\u00e5r checkout \u2013 anv\u00e4nder vi cookies, web beacons och liknande tekniker. H\u00e4r kan du l\u00e4sa om vilka olika typer av cookies det finns och hur vi [&hellip;]<\/p>\n","protected":false},"author":1,"featured_media":0,"parent":0,"menu_order":0,"comment_status":"closed","ping_status":"closed","template":"elementor_header_footer","meta":{"footnotes":""},"class_list":["post-567","page","type-page","status-publish","hentry"],"_links":{"self":[{"href":"https:\/\/gkassistans.se\/en\/wp-json\/wp\/v2\/pages\/567","targetHints":{"allow":["GET"]}}],"collection":[{"href":"https:\/\/gkassistans.se\/en\/wp-json\/wp\/v2\/pages"}],"about":[{"href":"https:\/\/gkassistans.se\/en\/wp-json\/wp\/v2\/types\/page"}],"author":[{"embeddable":true,"href":"https:\/\/gkassistans.se\/en\/wp-json\/wp\/v2\/users\/1"}],"replies":[{"embeddable":true,"href":"https:\/\/gkassistans.se\/en\/wp-json\/wp\/v2\/comments?post=567"}],"version-history":[{"count":13,"href":"https:\/\/gkassistans.se\/en\/wp-json\/wp\/v2\/pages\/567\/revisions"}],"predecessor-version":[{"id":1107,"href":"https:\/\/gkassistans.se\/en\/wp-json\/wp\/v2\/pages\/567\/revisions\/1107"}],"wp:attachment":[{"href":"https:\/\/gkassistans.se\/en\/wp-json\/wp\/v2\/media?parent=567"}],"curies":[{"name":"wp","href":"https:\/\/api.w.org\/{rel}","templated":true}]}}